{"id":1618,"date":"2025-08-20T22:45:13","date_gmt":"2025-08-20T22:45:13","guid":{"rendered":"https:\/\/minutodediosusa.org\/?page_id=1618"},"modified":"2026-02-24T17:12:25","modified_gmt":"2026-02-24T17:12:25","slug":"donaciones","status":"publish","type":"page","link":"https:\/\/minutodediosusa.org\/es\/donaciones\/","title":{"rendered":"Donaciones"},"content":{"rendered":"<div class=\"wp-block-uagb-container uagb-block-j7qqvjap alignfull uagb-is-root-container\">\n<div class=\"wp-block-uagb-info-box uagb-block-oc2igilw uagb-infobox__content-wrap  uagb-infobox-icon-above-title uagb-infobox-image-valign-top\"><div class=\"uagb-ifb-content\"><div class=\"uagb-ifb-title-wrap\"><h1 class=\"uagb-ifb-title\"><br><br>Tu donaci\u00f3n transforma y <br>construye el futuro del pa\u00eds<\/h1><\/div><\/div><\/div>\n\n\n\n<div class=\"wp-block-uagb-buttons uagb-buttons__outer-wrap uagb-btn__default-btn uagb-btn-tablet__default-btn uagb-btn-mobile__default-btn uagb-block-qjdk2igv uag-hide-desktop uag-hide-tab uag-hide-mob\"><div class=\"uagb-buttons__wrap uagb-buttons-layout-wrap\">\n<div class=\"wp-block-uagb-buttons-child uagb-buttons__outer-wrap uagb-block-1611a93a wp-block-button\"><div class=\"uagb-button__wrapper\"><a class=\"uagb-buttons-repeater wp-block-button__link\" aria-label=\"\" href=\"#\" rel=\"follow noopener\" target=\"_self\" role=\"button\"><div class=\"uagb-button__link\">Click Here<\/div><\/a><\/div><\/div>\n<\/div><\/div>\n<\/div>\n\n\n\n<div class=\"wp-block-uagb-container uagb-block-4ulgn83q alignfull uagb-is-root-container\"><div class=\"uagb-container-inner-blocks-wrap\">\n<div class=\"wp-block-uagb-container uagb-block-giufj8bb\">\n<div class=\"wp-block-uagb-container uagb-block-qxsccmgi\">\n<div class=\"wp-block-uagb-image alignleft uagb-block-jcetq4hy wp-block-uagb-image--layout-default wp-block-uagb-image--effect-static wp-block-uagb-image--align-left\"><figure class=\"wp-block-uagb-image__figure\"><img loading=\"lazy\" decoding=\"async\" srcset=\"https:\/\/minutodediosusa.org\/wp-content\/uploads\/2026\/02\/cordoba-stripe-1024x719.webp ,https:\/\/minutodediosusa.org\/wp-content\/uploads\/2026\/02\/cordoba-stripe.webp 780w, https:\/\/minutodediosusa.org\/wp-content\/uploads\/2026\/02\/cordoba-stripe.webp 360w\" sizes=\"auto, (max-width: 480px) 150px\" src=\"https:\/\/minutodediosusa.org\/wp-content\/uploads\/2026\/02\/cordoba-stripe-1024x719.webp\" alt=\"\" class=\"uag-image-1892\" width=\"576\" height=\"364\" title=\"cordoba-stripe\" role=\"img\"\/><\/figure><\/div>\n\n\n\n<div class=\"wp-block-uagb-info-box uagb-block-y1bgh1ka uagb-infobox__content-wrap  uagb-infobox-icon-above-title uagb-infobox-image-valign-top\"><div class=\"uagb-ifb-content\"><div class=\"uagb-ifb-title-wrap\"><h3 class=\"uagb-ifb-title\"><strong>C\u00f3rdoba nos necesita. <\/strong><br><strong>\u00a1Juntos podemos ayudar!<\/strong><\/h3><\/div><p class=\"uagb-ifb-desc\">En Colombia, durante las \u00faltimas semanas se han presentado lluvias intensas que provocaron inundaciones y crecientes en varias zonas del pa\u00eds, afectando con fuerza al departamento de C\u00f3rdoba, en la regi\u00f3n Caribe. <br><br>En muchos municipios el agua entr\u00f3 a viviendas, da\u00f1\u00f3 enseres, interrumpi\u00f3 v\u00edas y oblig\u00f3 a familias a evacuar o permanecer en albergues temporales. Son 25 municipios con afectaciones y m\u00e1s de 120000 familias afectadas.<\/p><\/div><\/div>\n\n\n\n<div class=\"wp-block-uagb-buttons uagb-buttons__outer-wrap uagb-btn__default-btn uagb-btn-tablet__default-btn uagb-btn-mobile__default-btn uagb-block-kbpx4rsl\"><div class=\"uagb-buttons__wrap uagb-buttons-layout-wrap\">\n<div class=\"wp-block-uagb-buttons-child uagb-buttons__outer-wrap uagb-block-28rinjwl wp-block-button\"><div class=\"uagb-button__wrapper\"><a class=\"uagb-buttons-repeater wp-block-button__link\" aria-label=\"\" href=\"https:\/\/buy.stripe.com\/3cI5kDfKV92vdrGcohc3m0c\" rel=\"follow noopener\" target=\"_blank\" role=\"button\"><div class=\"uagb-button__link\">Dona<\/div><\/a><\/div><\/div>\n<\/div><\/div>\n<\/div>\n\n\n\n<div class=\"wp-block-uagb-container uagb-block-5bc700c9\">\n<div class=\"wp-block-uagb-image alignleft uagb-block-16516be4 wp-block-uagb-image--layout-default wp-block-uagb-image--effect-static wp-block-uagb-image--align-left\"><figure class=\"wp-block-uagb-image__figure\"><img loading=\"lazy\" decoding=\"async\" srcset=\"https:\/\/minutodediosusa.org\/wp-content\/uploads\/2025\/08\/paratebueno-foto-desastre-1024x683.jpg ,https:\/\/minutodediosusa.org\/wp-content\/uploads\/2025\/08\/paratebueno-foto-desastre-scaled.jpg 780w, https:\/\/minutodediosusa.org\/wp-content\/uploads\/2025\/08\/paratebueno-foto-desastre-scaled.jpg 360w\" sizes=\"auto, (max-width: 480px) 150px\" src=\"https:\/\/minutodediosusa.org\/wp-content\/uploads\/2025\/08\/paratebueno-foto-desastre-1024x683.jpg\" alt=\"\" class=\"uag-image-1585\" width=\"576\" height=\"364\" title=\"paratebueno-foto-desastre\" role=\"img\"\/><\/figure><\/div>\n\n\n\n<div class=\"wp-block-uagb-info-box uagb-block-7e3c9fd3 uagb-infobox__content-wrap  uagb-infobox-icon-above-title uagb-infobox-image-valign-top\"><div class=\"uagb-ifb-content\"><div class=\"uagb-ifb-title-wrap\"><h3 class=\"uagb-ifb-title\">Paratebueno y Medina nos necesitan<\/h3><\/div><p class=\"uagb-ifb-desc\">El sismo del 8 de junio dej\u00f3 a cientos de familias en&nbsp;Paratebueno&nbsp;y Medina sin hogar. M\u00e1s de&nbsp;<strong>356 viviendas quedaron destruidas<\/strong>, y hoy, ni\u00f1os, adultos mayores y familias enteras luchan por salir adelante desde albergues temporales.<br>&nbsp;<br>Desde la&nbsp;<strong>Corporaci\u00f3n Organizaci\u00f3n El Minuto de Dios<\/strong>&nbsp;nos hemos comprometido a reconstruir sus hogares\u2026 pero&nbsp;<strong>necesitamos de ti<\/strong>.<\/p><\/div><\/div>\n\n\n\n<div class=\"wp-block-uagb-buttons uagb-buttons__outer-wrap uagb-btn__default-btn uagb-btn-tablet__default-btn uagb-btn-mobile__default-btn uagb-block-c4a03c72\"><div class=\"uagb-buttons__wrap uagb-buttons-layout-wrap\">\n<div class=\"wp-block-uagb-buttons-child uagb-buttons__outer-wrap uagb-block-4696d4b0 wp-block-button\"><div class=\"uagb-button__wrapper\"><a class=\"uagb-buttons-repeater wp-block-button__link\" aria-label=\"\" href=\"https:\/\/buy.stripe.com\/6oE03n40efDt5a09AA\" rel=\"follow noopener\" target=\"_blank\" role=\"button\"><div class=\"uagb-button__link\">Dona<\/div><\/a><\/div><\/div>\n<\/div><\/div>\n<\/div>\n\n\n\n<div class=\"wp-block-uagb-container uagb-block-pitq5mu2\">\n<div class=\"wp-block-uagb-image alignleft uagb-block-evjpy4gd wp-block-uagb-image--layout-default wp-block-uagb-image--effect-static wp-block-uagb-image--align-left\"><figure class=\"wp-block-uagb-image__figure\"><img loading=\"lazy\" decoding=\"async\" srcset=\"https:\/\/minutodediosusa.org\/wp-content\/uploads\/2025\/02\/ah-gallery-2-1024x576.webp ,https:\/\/minutodediosusa.org\/wp-content\/uploads\/2025\/02\/ah-gallery-2.webp 780w, https:\/\/minutodediosusa.org\/wp-content\/uploads\/2025\/02\/ah-gallery-2.webp 360w\" sizes=\"auto, (max-width: 480px) 150px\" src=\"https:\/\/minutodediosusa.org\/wp-content\/uploads\/2025\/02\/ah-gallery-2-1024x576.webp\" alt=\"\" class=\"uag-image-1442\" width=\"576\" height=\"364\" title=\"ah-gallery-2\" role=\"img\"\/><\/figure><\/div>\n\n\n\n<div class=\"wp-block-uagb-info-box uagb-block-x4y0hgp9 uagb-infobox__content-wrap  uagb-infobox-icon-above-title uagb-infobox-image-valign-top\"><div class=\"uagb-ifb-content\"><div class=\"uagb-ifb-title-wrap\"><h3 class=\"uagb-ifb-title\">Ayuda Humanitaria<\/h3><\/div><p class=\"uagb-ifb-desc\">Desde nuestra Corporaci\u00f3n, llevamos esperanza a los rincones m\u00e1s desafiantes de Colombia. A trav\u00e9s de nuestro programa de Ayuda Humanitaria, ofrecemos alivio y un nuevo aliento a comunidades en adversidad. M\u00e1s que asistencia, construimos dignidad y bienestar, sembrando un futuro sostenible y llenos de sonrisas.<\/p><\/div><\/div>\n\n\n\n<div class=\"wp-block-uagb-buttons uagb-buttons__outer-wrap uagb-btn__default-btn uagb-btn-tablet__default-btn uagb-btn-mobile__default-btn uagb-block-42njhlfd\"><div class=\"uagb-buttons__wrap uagb-buttons-layout-wrap\">\n<div class=\"wp-block-uagb-buttons-child uagb-buttons__outer-wrap uagb-block-usjljp9h wp-block-button\"><div class=\"uagb-button__wrapper\"><a class=\"uagb-buttons-repeater wp-block-button__link\" aria-label=\"\" href=\"https:\/\/buy.stripe.com\/fZu8wPgOZ7Yr9bq0Fzc3m04\" rel=\"follow noopener\" target=\"_blank\" role=\"button\"><div class=\"uagb-button__link\">DONA<\/div><\/a><\/div><\/div>\n<\/div><\/div>\n<\/div>\n\n\n\n<div class=\"wp-block-uagb-container uagb-block-5umva0b4\">\n<div class=\"wp-block-uagb-image alignleft uagb-block-l6c3ej7h wp-block-uagb-image--layout-default wp-block-uagb-image--effect-static wp-block-uagb-image--align-left\"><figure class=\"wp-block-uagb-image__figure\"><img loading=\"lazy\" decoding=\"async\" srcset=\"https:\/\/minutodediosusa.org\/wp-content\/uploads\/2025\/01\/home-contact-1-1024x639.webp ,https:\/\/minutodediosusa.org\/wp-content\/uploads\/2025\/01\/home-contact-1.webp 780w, https:\/\/minutodediosusa.org\/wp-content\/uploads\/2025\/01\/home-contact-1.webp 360w\" sizes=\"auto, (max-width: 480px) 150px\" src=\"https:\/\/minutodediosusa.org\/wp-content\/uploads\/2025\/01\/home-contact-1-1024x639.webp\" alt=\"\" class=\"uag-image-1379\" width=\"576\" height=\"364\" title=\"home-contact-1\" role=\"img\"\/><\/figure><\/div>\n\n\n\n<div class=\"wp-block-uagb-info-box uagb-block-1mwouvnd uagb-infobox__content-wrap  uagb-infobox-icon-above-title uagb-infobox-image-valign-top\"><div class=\"uagb-ifb-content\"><div class=\"uagb-ifb-title-wrap\"><h3 class=\"uagb-ifb-title\">Dame Una Casa<\/h3><\/div><p class=\"uagb-ifb-desc\">Facilitamos el proceso de adquisici\u00f3n de vivienda para familias vulnerables, ofreci\u00e9ndoles la oportunidad de mejorar significativamente su calidad de vida.<br><br>Adem\u00e1s, fomentar su desarrollo personal, social y comunitario, promoviendo la integraci\u00f3n activa en la sociedad y fortaleciendo el tejido social<\/p><\/div><\/div>\n\n\n\n<div class=\"wp-block-uagb-buttons uagb-buttons__outer-wrap uagb-btn__default-btn uagb-btn-tablet__default-btn uagb-btn-mobile__default-btn uagb-block-zl1zyvrw\"><div class=\"uagb-buttons__wrap uagb-buttons-layout-wrap\">\n<div class=\"wp-block-uagb-buttons-child uagb-buttons__outer-wrap uagb-block-sbpyvfvz wp-block-button\"><div class=\"uagb-button__wrapper\"><a class=\"uagb-buttons-repeater wp-block-button__link\" aria-label=\"\" href=\"https:\/\/buy.stripe.com\/14A14naqBbaD3R60Fzc3m03\" rel=\"follow noopener\" target=\"_blank\" role=\"button\"><div class=\"uagb-button__link\">DONA<\/div><\/a><\/div><\/div>\n<\/div><\/div>\n<\/div>\n\n\n\n<div class=\"wp-block-uagb-container uagb-block-u4eybpkt\">\n<div class=\"wp-block-uagb-image alignleft uagb-block-cq1ehsrs wp-block-uagb-image--layout-default wp-block-uagb-image--effect-static wp-block-uagb-image--align-left\"><figure class=\"wp-block-uagb-image__figure\"><img loading=\"lazy\" decoding=\"async\" srcset=\"https:\/\/minutodediosusa.org\/wp-content\/uploads\/2025\/08\/planPadrinos_gallery-1-1024x576.webp ,https:\/\/minutodediosusa.org\/wp-content\/uploads\/2025\/08\/planPadrinos_gallery-1.webp 780w, https:\/\/minutodediosusa.org\/wp-content\/uploads\/2025\/08\/planPadrinos_gallery-1.webp 360w\" sizes=\"auto, (max-width: 480px) 150px\" src=\"https:\/\/minutodediosusa.org\/wp-content\/uploads\/2025\/08\/planPadrinos_gallery-1-1024x576.webp\" alt=\"\" class=\"uag-image-1701\" width=\"576\" height=\"364\" title=\"planPadrinos_gallery-1\" role=\"img\"\/><\/figure><\/div>\n\n\n\n<div class=\"wp-block-uagb-info-box uagb-block-qvric5uz uagb-infobox__content-wrap  uagb-infobox-icon-above-title uagb-infobox-image-valign-top\"><div class=\"uagb-ifb-content\"><div class=\"uagb-ifb-title-wrap\"><h3 class=\"uagb-ifb-title\">Plan Padrinos<\/h3><\/div><p class=\"uagb-ifb-desc\">Es un coraz\u00f3n solidario que, con un aporte mensual o anual, apoya y transforma la vida de un ni\u00f1o, ni\u00f1a o joven.<\/p><\/div><\/div>\n\n\n\n<div class=\"wp-block-uagb-buttons uagb-buttons__outer-wrap uagb-btn__default-btn uagb-btn-tablet__default-btn uagb-btn-mobile__default-btn uagb-block-uhci4lpm\"><div class=\"uagb-buttons__wrap uagb-buttons-layout-wrap\">\n<div class=\"wp-block-uagb-buttons-child uagb-buttons__outer-wrap uagb-block-uaw9zfi1 wp-block-button\"><div class=\"uagb-button__wrapper\"><a class=\"uagb-buttons-repeater wp-block-button__link\" aria-label=\"\" href=\"https:\/\/minutodediosusa.org\/es\/plan-padrinos\/\" rel=\"follow noopener\" target=\"_self\" role=\"button\"><div class=\"uagb-button__link\">DONA<\/div><\/a><\/div><\/div>\n<\/div><\/div>\n<\/div>\n<\/div>\n<\/div><\/div>","protected":false},"excerpt":{"rendered":"","protected":false},"author":1,"featured_media":0,"parent":0,"menu_order":0,"comment_status":"closed","ping_status":"closed","template":"","meta":{"_surecart_dashboard_logo_width":"180px","_surecart_dashboard_show_logo":true,"_surecart_dashboard_navigation_orders":true,"_surecart_dashboard_navigation_invoices":true,"_surecart_dashboard_navigation_subscriptions":true,"_surecart_dashboard_navigation_downloads":true,"_surecart_dashboard_navigation_billing":true,"_surecart_dashboard_navigation_account":true,"_uag_custom_page_level_css":"","site-sidebar-layout":"default","site-content-layout":"","ast-site-content-layout":"full-width-container","site-content-style":"default","site-sidebar-style":"default","ast-global-header-display":"","ast-banner-title-visibility":"","ast-main-header-display":"","ast-hfb-above-header-display":"","ast-hfb-below-header-display":"","ast-hfb-mobile-header-display":"","site-post-title":"disabled","ast-breadcrumbs-content":"","ast-featured-img":"","footer-sml-layout":"","ast-disable-related-posts":"","theme-transparent-header-meta":"","adv-header-id-meta":"","stick-header-meta":"","header-above-stick-meta":"","header-main-stick-meta":"","header-below-stick-meta":"","astra-migrate-meta-layouts":"set","ast-page-background-enabled":"default","ast-page-background-meta":{"desktop":{"background-color":"","background-image":"","background-repeat":"repeat","background-position":"center center","background-size":"auto","background-attachment":"scroll","background-type":"","background-media":"","overlay-type":"","overlay-color":"","overlay-opacity":"","overlay-gradient":""},"tablet":{"background-color":"","background-image":"","background-repeat":"repeat","background-position":"center center","background-size":"auto","background-attachment":"scroll","background-type":"","background-media":"","overlay-type":"","overlay-color":"","overlay-opacity":"","overlay-gradient":""},"mobile":{"background-color":"","background-image":"","background-repeat":"repeat","background-position":"center center","background-size":"auto","background-attachment":"scroll","background-type":"","background-media":"","overlay-type":"","overlay-color":"","overlay-opacity":"","overlay-gradient":""}},"ast-content-background-meta":{"desktop":{"background-color":"var(--ast-global-color-5)","background-image":"","background-repeat":"repeat","background-position":"center center","background-size":"auto","background-attachment":"scroll","background-type":"","background-media":"","overlay-type":"","overlay-color":"","overlay-opacity":"","overlay-gradient":""},"tablet":{"background-color":"var(--ast-global-color-5)","background-image":"","background-repeat":"repeat","background-position":"center center","background-size":"auto","background-attachment":"scroll","background-type":"","background-media":"","overlay-type":"","overlay-color":"","overlay-opacity":"","overlay-gradient":""},"mobile":{"background-color":"var(--ast-global-color-5)","background-image":"","background-repeat":"repeat","background-position":"center center","background-size":"auto","background-attachment":"scroll","background-type":"","background-media":"","overlay-type":"","overlay-color":"","overlay-opacity":"","overlay-gradient":""}},"footnotes":""},"class_list":["post-1618","page","type-page","status-publish","hentry"],"uagb_featured_image_src":{"full":false,"thumbnail":false,"medium":false,"medium_large":false,"large":false,"1536x1536":false,"2048x2048":false,"trp-custom-language-flag":false},"uagb_author_info":{"display_name":"mdcorp@minutodedios.org","author_link":"https:\/\/minutodediosusa.org\/es\/author\/mdcorpminutodedios-org\/"},"uagb_comment_info":0,"uagb_excerpt":null,"_links":{"self":[{"href":"https:\/\/minutodediosusa.org\/es\/wp-json\/wp\/v2\/pages\/1618","targetHints":{"allow":["GET"]}}],"collection":[{"href":"https:\/\/minutodediosusa.org\/es\/wp-json\/wp\/v2\/pages"}],"about":[{"href":"https:\/\/minutodediosusa.org\/es\/wp-json\/wp\/v2\/types\/page"}],"author":[{"embeddable":true,"href":"https:\/\/minutodediosusa.org\/es\/wp-json\/wp\/v2\/users\/1"}],"replies":[{"embeddable":true,"href":"https:\/\/minutodediosusa.org\/es\/wp-json\/wp\/v2\/comments?post=1618"}],"version-history":[{"count":47,"href":"https:\/\/minutodediosusa.org\/es\/wp-json\/wp\/v2\/pages\/1618\/revisions"}],"predecessor-version":[{"id":1897,"href":"https:\/\/minutodediosusa.org\/es\/wp-json\/wp\/v2\/pages\/1618\/revisions\/1897"}],"wp:attachment":[{"href":"https:\/\/minutodediosusa.org\/es\/wp-json\/wp\/v2\/media?parent=1618"}],"curies":[{"name":"wp","href":"https:\/\/api.w.org\/{rel}","templated":true}]}}